{"id":2,"date":"2025-10-30T14:55:37","date_gmt":"2025-10-30T14:55:37","guid":{"rendered":"https:\/\/hornyakbela.hu\/?page_id=2"},"modified":"2025-10-30T17:16:11","modified_gmt":"2025-10-30T16:16:11","slug":"sample-page","status":"publish","type":"page","link":"https:\/\/hornyakbela.hu\/index.php\/sample-page\/","title":{"rendered":"Web szerver telep\u00edt\u00e9se"},"content":{"rendered":"\t\t<div data-elementor-type=\"wp-page\" data-elementor-id=\"2\" class=\"elementor elementor-2\">\n\t\t\t\t<div class=\"elementor-element elementor-element-36fb9605 e-con-full e-flex e-con e-parent\" data-id=\"36fb9605\" data-element_type=\"container\">\n\t\t\t\t<div class=\"elementor-element elementor-element-520e595d elementor-widget elementor-widget-text-editor\" data-id=\"520e595d\" data-element_type=\"widget\" data-widget_type=\"text-editor.default\">\n\t\t\t\t\t\t\t\t\t<ol><li>DNS szerver telep\u00edt\u00e9se<\/li><li>Domain n\u00e9v regisztr\u00e1ci\u00f3<\/li><li>Apache2 telep\u00edt\u00e9se<\/li><li>Apache2 security b\u0151v\u00edtm\u00e9ny telep\u00edt\u00e9se a <strong>https<\/strong> el\u00e9r\u00e9shez<\/li><li>PHP telep\u00edt\u00e9se<\/li><li>MySQL telep\u00edt\u00e9se<\/li><li>PHP \u00f6sszekapcsol\u00e1sa az Apache2-vel<\/li><li>MySQL \u00f6sszekapcsol\u00e1sa az Apache2-val<\/li><li>Adatb\u00e1zis user l\u00e9trehoz\u00e1sa<\/li><li>Adatb\u00e1zis l\u00e9trehoz\u00e1s<\/li><li>Felm\u00e1sol\u00e1sa a WordPress telep\u00edt\u0151j\u00e9nek a var\/www\/user\/html k\u00f6nyvt\u00e1rba<\/li><li>A WordPress jogosults\u00e1g be\u00e1ll\u00edt\u00e1s &#8222;www-data&#8221;<\/li><li>A domain megh\u00edv\u00e1sa \u00e9s telep\u00edt\u00e9s.<\/li><\/ol>\t\t\t\t\t\t\t\t<\/div>\n\t\t\t\t<\/div>\n\t\t<div class=\"elementor-element elementor-element-ffa053a e-flex e-con-boxed e-con e-parent\" data-id=\"ffa053a\" data-element_type=\"container\">\n\t\t\t\t\t<div class=\"e-con-inner\">\n\t\t\t\t<div class=\"elementor-element elementor-element-d3c7475 elementor-widget elementor-widget-text-editor\" data-id=\"d3c7475\" data-element_type=\"widget\" data-widget_type=\"text-editor.default\">\n\t\t\t\t\t\t\t\t\t<p style=\"text-align: center;\">R\u00f6viden ennyi, de term\u00e9szetesen rengeteg be\u00e1ll\u00edtgat\u00e1st, menet k\u00f6zben kellett kifil\u00f3zni.<\/p>\t\t\t\t\t\t\t\t<\/div>\n\t\t\t\t\t<\/div>\n\t\t\t\t<\/div>\n\t\t<div class=\"elementor-element elementor-element-9a9a6d6 e-flex e-con-boxed e-con e-parent\" data-id=\"9a9a6d6\" data-element_type=\"container\">\n\t\t\t\t\t<div class=\"e-con-inner\">\n\t\t\t\t<div class=\"elementor-element elementor-element-021baec elementor-widget elementor-widget-text-editor\" data-id=\"021baec\" data-element_type=\"widget\" data-widget_type=\"text-editor.default\">\n\t\t\t\t\t\t\t\t\t<p>A WordPress-ben telep\u00edtve van a Wordfence b\u0151v\u00edtm\u00e9ny<\/p><p>Telep\u00edtve van az All in One SEO b\u0151v\u00edtv\u00e9ny is.<\/p><p>Favicon be\u00e1ll\u00edtva<\/p>\t\t\t\t\t\t\t\t<\/div>\n\t\t\t\t\t<\/div>\n\t\t\t\t<\/div>\n\t\t\t\t<\/div>\n\t\t","protected":false},"excerpt":{"rendered":"<p>DNS szerver telep\u00edt\u00e9se Domain n\u00e9v regisztr\u00e1ci\u00f3 Apache2 telep\u00edt\u00e9se Apache2 security b\u0151v\u00edtm\u00e9ny telep\u00edt\u00e9se a https el\u00e9r\u00e9shez PHP telep\u00edt\u00e9se MySQL telep\u00edt\u00e9se PHP \u00f6sszekapcsol\u00e1sa az Apache2-vel MySQL \u00f6sszekapcsol\u00e1sa az Apache2-val Adatb\u00e1zis user l\u00e9trehoz\u00e1sa Adatb\u00e1zis l\u00e9trehoz\u00e1s Felm\u00e1sol\u00e1sa a WordPress telep\u00edt\u0151j\u00e9nek a var\/www\/user\/html k\u00f6nyvt\u00e1rba A WordPress jogosults\u00e1g be\u00e1ll\u00edt\u00e1s &#8222;www-data&#8221; A domain megh\u00edv\u00e1sa \u00e9s telep\u00edt\u00e9s. R\u00f6viden ennyi, de term\u00e9szetesen rengeteg be\u00e1ll\u00edtgat\u00e1st, [&hellip;]<\/p>\n","protected":false},"author":1,"featured_media":0,"parent":0,"menu_order":0,"comment_status":"closed","ping_status":"open","template":"","meta":{"footnotes":""},"class_list":["post-2","page","type-page","status-publish","hentry"],"aioseo_notices":[],"_links":{"self":[{"href":"https:\/\/hornyakbela.hu\/index.php\/wp-json\/wp\/v2\/pages\/2","targetHints":{"allow":["GET"]}}],"collection":[{"href":"https:\/\/hornyakbela.hu\/index.php\/wp-json\/wp\/v2\/pages"}],"about":[{"href":"https:\/\/hornyakbela.hu\/index.php\/wp-json\/wp\/v2\/types\/page"}],"author":[{"embeddable":true,"href":"https:\/\/hornyakbela.hu\/index.php\/wp-json\/wp\/v2\/users\/1"}],"replies":[{"embeddable":true,"href":"https:\/\/hornyakbela.hu\/index.php\/wp-json\/wp\/v2\/comments?post=2"}],"version-history":[{"count":21,"href":"https:\/\/hornyakbela.hu\/index.php\/wp-json\/wp\/v2\/pages\/2\/revisions"}],"predecessor-version":[{"id":65,"href":"https:\/\/hornyakbela.hu\/index.php\/wp-json\/wp\/v2\/pages\/2\/revisions\/65"}],"wp:attachment":[{"href":"https:\/\/hornyakbela.hu\/index.php\/wp-json\/wp\/v2\/media?parent=2"}],"curies":[{"name":"wp","href":"https:\/\/api.w.org\/{rel}","templated":true}]}}